{"id":472,"date":"2021-02-01T11:12:41","date_gmt":"2021-02-01T11:12:41","guid":{"rendered":"https:\/\/pauwelsdecor.be\/contact\/"},"modified":"2024-07-23T10:33:11","modified_gmt":"2024-07-23T10:33:11","slug":"contact","status":"publish","type":"page","link":"https:\/\/pauwelsdecor.be\/fr\/contact\/","title":{"rendered":"Contacts"},"content":{"rendered":"\t\t<div data-elementor-type=\"wp-page\" data-elementor-id=\"472\" class=\"elementor elementor-472 elementor-103\">\n\t\t\t\t\t\t<div class=\"elementor-inner\">\n\t\t\t\t<div class=\"elementor-section-wrap\">\n\t\t\t\t\t\t\t\t\t<section class=\"elementor-section elementor-top-section elementor-element elementor-element-afd2dc0 elementor-section-boxed elementor-section-height-default elementor-section-height-default sc_fly_static\" data-id=\"afd2dc0\" data-element_type=\"section\">\n\t\t\t\t\t\t<div class=\"elementor-container elementor-column-gap-extended\">\n\t\t\t\t\t\t\t<div class=\"elementor-row\">\n\t\t\t\t\t<div class=\"elementor-column elementor-col-50 elementor-top-column elementor-element elementor-element-d55cf00 sc_inner_width_none sc_content_align_inherit sc_layouts_column_icons_position_left sc_fly_static\" data-id=\"d55cf00\" data-element_type=\"column\">\n\t\t\t<div class=\"elementor-column-wrap elementor-element-populated\">\n\t\t\t\t\t\t\t<div class=\"elementor-widget-wrap\">\n\t\t\t\t\t\t<div class=\"elementor-element elementor-element-ba1d1c7 sc_fly_static elementor-widget elementor-widget-trx_sc_title\" data-id=\"ba1d1c7\" data-element_type=\"widget\" data-widget_type=\"trx_sc_title.default\">\n\t\t\t\t<div class=\"elementor-widget-container\">\n\t\t\t<div\t\tclass=\"sc_title sc_title_default\" ><span class=\"sc_item_subtitle sc_title_subtitle sc_item_subtitle_above sc_item_title_style_default\">Contactez-nous<\/span><h1 class=\"sc_item_title sc_title_title sc_item_title_style_default sc_item_title_tag\"\n\t\t\t><span class=\"sc_item_title_text\">Questions? Demandez-les<\/span><\/h1><div class=\"sc_item_descr sc_title_descr\"><p>Contactez-nous via le formulaire ou au +32(0)486 06 87 88<\/p>\n<\/div><\/div>\t\t<\/div>\n\t\t\t\t<\/div>\n\t\t\t\t<div class=\"elementor-element elementor-element-1b8b4e4b sc_fly_static elementor-widget elementor-widget-spacer\" data-id=\"1b8b4e4b\" data-element_type=\"widget\" data-widget_type=\"spacer.default\">\n\t\t\t\t<div class=\"elementor-widget-container\">\n\t\t\t\t\t<div class=\"elementor-spacer\">\n\t\t\t<div class=\"elementor-spacer-inner\"><\/div>\n\t\t<\/div>\n\t\t\t\t<\/div>\n\t\t\t\t<\/div>\n\t\t\t\t<div class=\"elementor-element elementor-element-4e6f65fe sc_fly_static elementor-widget elementor-widget-trx_sc_icons\" data-id=\"4e6f65fe\" data-element_type=\"widget\" data-widget_type=\"trx_sc_icons.default\">\n\t\t\t\t<div class=\"elementor-widget-container\">\n\t\t\t<div \tclass=\"sc_icons sc_icons_simple sc_icons_size_small sc_align_none\" ><div class=\"sc_icons_item with_more\"><div class=\"sc_icons_icon sc_icon_type_ icon-marker\" style=\"color: #EB8905\" ><span class=\"sc_icon_type_ icon-marker\" style=\"color: #EB8905\"><\/span><\/div><div class=\"sc_icons_item_details\"><div class=\"sc_icons_item_description\"><span>Avenue Van Overbeke, 200\/55<\/span><\/div><\/div><\/div><div class=\"sc_icons_item sc_icons_item_linked with_more\"><div class=\"sc_icons_icon sc_icon_type_ icon-iphone\" style=\"color: #EB8905\" ><span class=\"sc_icon_type_ icon-iphone\" style=\"color: #EB8905\"><\/span><\/div><div class=\"sc_icons_item_details\"><a href=\"tel:+32486068788\" class=\"sc_icons_item_more_link\">\n                        <span class=\"link_text\">0486 06 87 88<\/span><span class=\"link_icon\"><\/span>\n                        <\/a><a href=\"tel:+32486068788\"\n                        class=\"sc_icons_item_link\">\n                        <\/a><\/div><\/div><div class=\"sc_icons_item with_more\"><div class=\"sc_icons_icon sc_icon_type_ icon-envelope-2\" style=\"color: #EB8905\" ><span class=\"sc_icon_type_ icon-envelope-2\" style=\"color: #EB8905\"><\/span><\/div><div class=\"sc_icons_item_details\"><div class=\"sc_icons_item_description\"><span><a href=\"mailto:did.pauwels@gmail.com\">did.pauwels@gmail.com<\/a><\/span><\/div><\/div><\/div><\/div><!-- \/.sc_icons -->\t\t<\/div>\n\t\t\t\t<\/div>\n\t\t\t\t\t\t<\/div>\n\t\t\t\t\t<\/div>\n\t\t<\/div>\n\t\t\t\t<div class=\"elementor-column elementor-col-50 elementor-top-column elementor-element elementor-element-29be3b4 sc_inner_width_none sc_content_align_inherit sc_layouts_column_icons_position_left sc_fly_static\" data-id=\"29be3b4\" data-element_type=\"column\">\n\t\t\t<div class=\"elementor-column-wrap elementor-element-populated\">\n\t\t\t\t\t\t\t<div class=\"elementor-widget-wrap\">\n\t\t\t\t\t\t<div class=\"elementor-element elementor-element-4bed73c sc_fly_static elementor-widget elementor-widget-spacer\" data-id=\"4bed73c\" data-element_type=\"widget\" data-widget_type=\"spacer.default\">\n\t\t\t\t<div class=\"elementor-widget-container\">\n\t\t\t\t\t<div class=\"elementor-spacer\">\n\t\t\t<div class=\"elementor-spacer-inner\"><\/div>\n\t\t<\/div>\n\t\t\t\t<\/div>\n\t\t\t\t<\/div>\n\t\t\t\t\t\t<\/div>\n\t\t\t\t\t<\/div>\n\t\t<\/div>\n\t\t\t\t\t\t\t\t<\/div>\n\t\t\t\t\t<\/div>\n\t\t<\/section>\n\t\t\t\t<section class=\"elementor-section elementor-top-section elementor-element elementor-element-659aecd elementor-section-boxed elementor-section-height-default elementor-section-height-default sc_fly_static\" data-id=\"659aecd\" data-element_type=\"section\">\n\t\t\t\t\t\t<div class=\"elementor-container elementor-column-gap-extended\">\n\t\t\t\t\t\t\t<div class=\"elementor-row\">\n\t\t\t\t\t<div class=\"elementor-column elementor-col-100 elementor-top-column elementor-element elementor-element-af5201f sc_inner_width_none sc_content_align_inherit sc_layouts_column_icons_position_left sc_fly_static\" data-id=\"af5201f\" data-element_type=\"column\">\n\t\t\t<div class=\"elementor-column-wrap elementor-element-populated\">\n\t\t\t\t\t\t\t<div class=\"elementor-widget-wrap\">\n\t\t\t\t\t\t<div class=\"elementor-element elementor-element-38b0db7 sc_height_huge sc_fly_static elementor-widget elementor-widget-spacer\" data-id=\"38b0db7\" data-element_type=\"widget\" data-widget_type=\"spacer.default\">\n\t\t\t\t<div class=\"elementor-widget-container\">\n\t\t\t\t\t<div class=\"elementor-spacer\">\n\t\t\t<div class=\"elementor-spacer-inner\"><\/div>\n\t\t<\/div>\n\t\t\t\t<\/div>\n\t\t\t\t<\/div>\n\t\t\t\t\t\t<\/div>\n\t\t\t\t\t<\/div>\n\t\t<\/div>\n\t\t\t\t\t\t\t\t<\/div>\n\t\t\t\t\t<\/div>\n\t\t<\/section>\n\t\t\t\t<section class=\"elementor-section elementor-top-section elementor-element elementor-element-b35b84a elementor-section-full_width elementor-section-height-default elementor-section-height-default sc_fly_static\" data-id=\"b35b84a\" data-element_type=\"section\" data-settings=\"{&quot;background_background&quot;:&quot;classic&quot;}\">\n\t\t\t\t\t\t<div class=\"elementor-container elementor-column-gap-no\">\n\t\t\t\t\t\t\t<div class=\"elementor-row\">\n\t\t\t\t\t<div class=\"elementor-column elementor-col-100 elementor-top-column elementor-element elementor-element-d92b45a sc_inner_width_none sc_content_align_inherit sc_layouts_column_icons_position_left sc_fly_static\" data-id=\"d92b45a\" data-element_type=\"column\">\n\t\t\t<div class=\"elementor-column-wrap elementor-element-populated\">\n\t\t\t\t\t\t\t<div class=\"elementor-widget-wrap\">\n\t\t\t\t\t\t<div class=\"elementor-element elementor-element-0a4c225 sc_fly_static elementor-widget elementor-widget-trx_sc_googlemap\" data-id=\"0a4c225\" data-element_type=\"widget\" data-widget_type=\"trx_sc_googlemap.default\">\n\t\t\t\t<div class=\"elementor-widget-container\">\n\t\t\t<div id=\"sc_googlemap_1600710482_wrap\" class=\"sc_googlemap_wrap\"><div id=\"sc_googlemap_1600710482\"\t\t\tclass=\"sc_item_content sc_map sc_googlemap sc_googlemap_default trx_addons_inline_704782519\"\n\t\t\t \t\t\tdata-zoom=\"11\"\n\t\t\tdata-center=\"\"\n\t\t\tdata-style=\"extra\"\n\t\t\tdata-cluster-icon=\"\"\n\t\t\t><iframe\n\t\t\t\t\t\tsrc=\"https:\/\/maps.google.com\/maps?t=m&output=embed&iwloc=near&z=11&q=Pauwels+Deco\"\n\t\t\t\t\t\taria-label=\"\"><\/iframe><\/div><\/div>\t\t<\/div>\n\t\t\t\t<\/div>\n\t\t\t\t\t\t<\/div>\n\t\t\t\t\t<\/div>\n\t\t<\/div>\n\t\t\t\t\t\t\t\t<\/div>\n\t\t\t\t\t<\/div>\n\t\t<\/section>\n\t\t\t\t\t\t\t\t\t<\/div>\n\t\t\t<\/div>\n\t\t\t\t\t<\/div>\n\t\t","protected":false},"excerpt":{"rendered":"<p>Contactez-nous Questions? Demandez-les Contactez-nous via le formulaire ou au +32(0)486 06 87 88 Avenue Van Overbeke, 200\/55 0486 06 87 88 did.pauwels@gmail.com<\/p>\n","protected":false},"author":1,"featured_media":0,"parent":0,"menu_order":0,"comment_status":"closed","ping_status":"closed","template":"","meta":{"footnotes":""},"class_list":["post-472","page","type-page","status-publish","hentry"],"yoast_head":"<!-- This site is optimized with the Yoast SEO plugin v20.6 - https:\/\/yoast.com\/wordpress\/plugins\/seo\/ -->\n<title>Contacts - Pauwels Deco bvba Jette<\/title>\n<meta name=\"robots\" content=\"index, follow, max-snippet:-1, max-image-preview:large, max-video-preview:-1\" \/>\n<link rel=\"canonical\" href=\"https:\/\/pauwelsdecor.be\/fr\/contact\/\" \/>\n<meta property=\"og:locale\" content=\"fr_FR\" \/>\n<meta property=\"og:type\" content=\"article\" \/>\n<meta property=\"og:title\" content=\"Contacts - Pauwels Deco bvba Jette\" \/>\n<meta property=\"og:description\" content=\"Contactez-nous Questions? Demandez-les Contactez-nous via le formulaire ou au +32(0)486 06 87 88 Avenue Van Overbeke, 200\/55 0486 06 87 88 did.pauwels@gmail.com\" \/>\n<meta property=\"og:url\" content=\"https:\/\/pauwelsdecor.be\/fr\/contact\/\" \/>\n<meta property=\"og:site_name\" content=\"Pauwels Deco bvba Jette\" \/>\n<meta property=\"article:modified_time\" content=\"2024-07-23T10:33:11+00:00\" \/>\n<meta property=\"og:image\" content=\"https:\/\/pauwelsdecor.be\/wp-content\/uploads\/2023\/04\/202.jpeg\" \/>\n\t<meta property=\"og:image:width\" content=\"1532\" \/>\n\t<meta property=\"og:image:height\" content=\"712\" \/>\n\t<meta property=\"og:image:type\" content=\"image\/jpeg\" \/>\n<meta name=\"twitter:card\" content=\"summary_large_image\" \/>\n<meta name=\"twitter:label1\" content=\"Dur\u00e9e de lecture estim\u00e9e\" \/>\n\t<meta name=\"twitter:data1\" content=\"1 minute\" \/>\n<script type=\"application\/ld+json\" class=\"yoast-schema-graph\">{\"@context\":\"https:\/\/schema.org\",\"@graph\":[{\"@type\":\"WebPage\",\"@id\":\"https:\/\/pauwelsdecor.be\/fr\/contact\/\",\"url\":\"https:\/\/pauwelsdecor.be\/fr\/contact\/\",\"name\":\"Contacts - Pauwels Deco bvba Jette\",\"isPartOf\":{\"@id\":\"https:\/\/pauwelsdecor.be\/fr\/#website\"},\"datePublished\":\"2021-02-01T11:12:41+00:00\",\"dateModified\":\"2024-07-23T10:33:11+00:00\",\"breadcrumb\":{\"@id\":\"https:\/\/pauwelsdecor.be\/fr\/contact\/#breadcrumb\"},\"inLanguage\":\"fr-FR\",\"potentialAction\":[{\"@type\":\"ReadAction\",\"target\":[\"https:\/\/pauwelsdecor.be\/fr\/contact\/\"]}]},{\"@type\":\"BreadcrumbList\",\"@id\":\"https:\/\/pauwelsdecor.be\/fr\/contact\/#breadcrumb\",\"itemListElement\":[{\"@type\":\"ListItem\",\"position\":1,\"name\":\"Home\",\"item\":\"https:\/\/pauwelsdecor.be\/fr\/\"},{\"@type\":\"ListItem\",\"position\":2,\"name\":\"Contacts\"}]},{\"@type\":\"WebSite\",\"@id\":\"https:\/\/pauwelsdecor.be\/fr\/#website\",\"url\":\"https:\/\/pauwelsdecor.be\/fr\/\",\"name\":\"Pauwels Deco sprl Jette\",\"description\":\"Votre sp\u00e9cialiste en d\u00e9coration et r\u00e9novation\",\"publisher\":{\"@id\":\"https:\/\/pauwelsdecor.be\/fr\/#organization\"},\"potentialAction\":[{\"@type\":\"SearchAction\",\"target\":{\"@type\":\"EntryPoint\",\"urlTemplate\":\"https:\/\/pauwelsdecor.be\/fr\/?s={search_term_string}\"},\"query-input\":\"required name=search_term_string\"}],\"inLanguage\":\"fr-FR\"},{\"@type\":\"Organization\",\"@id\":\"https:\/\/pauwelsdecor.be\/fr\/#organization\",\"name\":\"Pauwels Deco sprl Jette\",\"url\":\"https:\/\/pauwelsdecor.be\/fr\/\",\"logo\":{\"@type\":\"ImageObject\",\"inLanguage\":\"fr-FR\",\"@id\":\"https:\/\/pauwelsdecor.be\/fr\/#\/schema\/logo\/image\/\",\"url\":\"https:\/\/pauwelsdecor.be\/wp-content\/uploads\/2023\/04\/Pauwels-Decor.png\",\"contentUrl\":\"https:\/\/pauwelsdecor.be\/wp-content\/uploads\/2023\/04\/Pauwels-Decor.png\",\"width\":287,\"height\":155,\"caption\":\"Pauwels Deco sprl Jette\"},\"image\":{\"@id\":\"https:\/\/pauwelsdecor.be\/fr\/#\/schema\/logo\/image\/\"}}]}<\/script>\n<!-- \/ Yoast SEO plugin. -->","yoast_head_json":{"title":"Contacts - Pauwels Deco bvba Jette","robots":{"index":"index","follow":"follow","max-snippet":"max-snippet:-1","max-image-preview":"max-image-preview:large","max-video-preview":"max-video-preview:-1"},"canonical":"https:\/\/pauwelsdecor.be\/fr\/contact\/","og_locale":"fr_FR","og_type":"article","og_title":"Contacts - Pauwels Deco bvba Jette","og_description":"Contactez-nous Questions? Demandez-les Contactez-nous via le formulaire ou au +32(0)486 06 87 88 Avenue Van Overbeke, 200\/55 0486 06 87 88 did.pauwels@gmail.com","og_url":"https:\/\/pauwelsdecor.be\/fr\/contact\/","og_site_name":"Pauwels Deco bvba Jette","article_modified_time":"2024-07-23T10:33:11+00:00","og_image":[{"width":1532,"height":712,"url":"https:\/\/pauwelsdecor.be\/wp-content\/uploads\/2023\/04\/202.jpeg","type":"image\/jpeg"}],"twitter_card":"summary_large_image","twitter_misc":{"Dur\u00e9e de lecture estim\u00e9e":"1 minute"},"schema":{"@context":"https:\/\/schema.org","@graph":[{"@type":"WebPage","@id":"https:\/\/pauwelsdecor.be\/fr\/contact\/","url":"https:\/\/pauwelsdecor.be\/fr\/contact\/","name":"Contacts - Pauwels Deco bvba Jette","isPartOf":{"@id":"https:\/\/pauwelsdecor.be\/fr\/#website"},"datePublished":"2021-02-01T11:12:41+00:00","dateModified":"2024-07-23T10:33:11+00:00","breadcrumb":{"@id":"https:\/\/pauwelsdecor.be\/fr\/contact\/#breadcrumb"},"inLanguage":"fr-FR","potentialAction":[{"@type":"ReadAction","target":["https:\/\/pauwelsdecor.be\/fr\/contact\/"]}]},{"@type":"BreadcrumbList","@id":"https:\/\/pauwelsdecor.be\/fr\/contact\/#breadcrumb","itemListElement":[{"@type":"ListItem","position":1,"name":"Home","item":"https:\/\/pauwelsdecor.be\/fr\/"},{"@type":"ListItem","position":2,"name":"Contacts"}]},{"@type":"WebSite","@id":"https:\/\/pauwelsdecor.be\/fr\/#website","url":"https:\/\/pauwelsdecor.be\/fr\/","name":"Pauwels Deco sprl Jette","description":"Votre sp\u00e9cialiste en d\u00e9coration et r\u00e9novation","publisher":{"@id":"https:\/\/pauwelsdecor.be\/fr\/#organization"},"potentialAction":[{"@type":"SearchAction","target":{"@type":"EntryPoint","urlTemplate":"https:\/\/pauwelsdecor.be\/fr\/?s={search_term_string}"},"query-input":"required name=search_term_string"}],"inLanguage":"fr-FR"},{"@type":"Organization","@id":"https:\/\/pauwelsdecor.be\/fr\/#organization","name":"Pauwels Deco sprl Jette","url":"https:\/\/pauwelsdecor.be\/fr\/","logo":{"@type":"ImageObject","inLanguage":"fr-FR","@id":"https:\/\/pauwelsdecor.be\/fr\/#\/schema\/logo\/image\/","url":"https:\/\/pauwelsdecor.be\/wp-content\/uploads\/2023\/04\/Pauwels-Decor.png","contentUrl":"https:\/\/pauwelsdecor.be\/wp-content\/uploads\/2023\/04\/Pauwels-Decor.png","width":287,"height":155,"caption":"Pauwels Deco sprl Jette"},"image":{"@id":"https:\/\/pauwelsdecor.be\/fr\/#\/schema\/logo\/image\/"}}]}},"_links":{"self":[{"href":"https:\/\/pauwelsdecor.be\/fr\/wp-json\/wp\/v2\/pages\/472","targetHints":{"allow":["GET"]}}],"collection":[{"href":"https:\/\/pauwelsdecor.be\/fr\/wp-json\/wp\/v2\/pages"}],"about":[{"href":"https:\/\/pauwelsdecor.be\/fr\/wp-json\/wp\/v2\/types\/page"}],"author":[{"embeddable":true,"href":"https:\/\/pauwelsdecor.be\/fr\/wp-json\/wp\/v2\/users\/1"}],"replies":[{"embeddable":true,"href":"https:\/\/pauwelsdecor.be\/fr\/wp-json\/wp\/v2\/comments?post=472"}],"version-history":[{"count":13,"href":"https:\/\/pauwelsdecor.be\/fr\/wp-json\/wp\/v2\/pages\/472\/revisions"}],"predecessor-version":[{"id":553,"href":"https:\/\/pauwelsdecor.be\/fr\/wp-json\/wp\/v2\/pages\/472\/revisions\/553"}],"wp:attachment":[{"href":"https:\/\/pauwelsdecor.be\/fr\/wp-json\/wp\/v2\/media?parent=472"}],"curies":[{"name":"wp","href":"https:\/\/api.w.org\/{rel}","templated":true}]}}